{"id":759,"date":"2023-03-25T19:49:23","date_gmt":"2023-03-25T18:49:23","guid":{"rendered":"http:\/\/webby.piakrems.ac.at\/wordpress\/?page_id=759"},"modified":"2023-03-25T19:49:23","modified_gmt":"2023-03-25T18:49:23","slug":"esf","status":"publish","type":"page","link":"https:\/\/www.piaristengymnasium.at\/wordpress\/esf","title":{"rendered":"ESF"},"content":{"rendered":"\n<div class=\"wp-block-columns is-layout-flex wp-container-core-columns-is-layout-9d6595d7 wp-block-columns-is-layout-flex\">\n<div class=\"wp-block-column is-layout-flow wp-block-column-is-layout-flow\">\n<figure class=\"wp-block-image size-full is-resized\"><img loading=\"lazy\" decoding=\"async\" src=\"http:\/\/webby.piakrems.ac.at\/wordpress\/wp-content\/uploads\/2023\/03\/BMBWF_Logo_srgb-768x257-2.png\" alt=\"\" class=\"wp-image-762\" width=\"453\" height=\"151\" srcset=\"https:\/\/www.piaristengymnasium.at\/wordpress\/wp-content\/uploads\/2023\/03\/BMBWF_Logo_srgb-768x257-2.png 768w, https:\/\/www.piaristengymnasium.at\/wordpress\/wp-content\/uploads\/2023\/03\/BMBWF_Logo_srgb-768x257-2-300x100.png 300w\" sizes=\"auto, (max-width: 453px) 100vw, 453px\" \/><\/figure>\n<\/div>\n\n\n\n<div class=\"wp-block-column is-layout-flow wp-block-column-is-layout-flow\"><div class=\"wp-block-image\">\n<figure class=\"alignright size-full is-resized\"><img loading=\"lazy\" decoding=\"async\" src=\"http:\/\/webby.piakrems.ac.at\/wordpress\/wp-content\/uploads\/2023\/03\/ESF-Logo-300x267-2.png\" alt=\"\" class=\"wp-image-763\" width=\"183\" height=\"162\"\/><\/figure>\n<\/div><\/div>\n<\/div>\n\n\n\n<p><strong>S-6.1a COVID-19 \u2013 Unterrichtsbezogene F\u00f6rderangebote im Bereich der allgemein bildenden h\u00f6heren Schulen im Schuljahr 2021\/22<\/strong><\/p>\n\n\n\n<p><strong>Allgemeine Projektbeschreibung:<\/strong><\/p>\n\n\n\n<p>Sch\u00fclerinnen und Sch\u00fcler der 9. Schulstufe und\/oder Sch\u00fclerinnen und Sch\u00fcler der Abschlussklassen (inkl. Sonderformen) holen Lerndefizite in allgemeinbildenden und\/oder fachtheoretischen Pflichtgegenst\u00e4nden, die im vergangenen Schuljahr durch die COVID-19-Pandemie entstanden sind, in Form eines zus\u00e4tzlichen Stundenangebotes nach.<\/p>\n\n\n\n<p>Diese Stunden k\u00f6nnen als F\u00f6rderunterricht abgehalten werden. Sch\u00fclerinnen und Sch\u00fcler k\u00f6nnen je nach Bedarf diese Stunden besuchen. Dar\u00fcber hinaus kann auch eine Gruppenteilung in einem allgemeinbildenden und\/oder fachtheoretischen Pflichtgegenstand angeboten werden.<\/p>\n\n\n\n<p>Dieses Vorhaben wird aus Mitteln des Europ\u00e4ischen Sozialfonds als Teil der Reaktion der Union auf die COVID-19-Pandemie finanziert.<\/p>\n","protected":false},"excerpt":{"rendered":"<p>S-6.1a COVID-19 \u2013 Unterrichtsbezogene F\u00f6rderangebote im Bereich der allgemein bildenden h\u00f6heren Schulen im Schuljahr 2021\/22 Allgemeine Projektbeschreibung: Sch\u00fclerinnen und Sch\u00fcler der 9. Schulstufe und\/oder Sch\u00fclerinnen und Sch\u00fcler der Abschlussklassen (inkl. Sonderformen) holen Lerndefizite in allgemeinbildenden und\/oder fachtheoretischen Pflichtgegenst\u00e4nden, die im vergangenen Schuljahr durch die COVID-19-Pandemie entstanden sind, in Form eines zus\u00e4tzlichen Stundenangebotes nach. Diese Stunden [&hellip;]<\/p>\n","protected":false},"author":1,"featured_media":0,"parent":0,"menu_order":0,"comment_status":"closed","ping_status":"closed","template":"","meta":{"footnotes":""},"class_list":["post-759","page","type-page","status-publish","hentry"],"_links":{"self":[{"href":"https:\/\/www.piaristengymnasium.at\/wordpress\/wp-json\/wp\/v2\/pages\/759","targetHints":{"allow":["GET"]}}],"collection":[{"href":"https:\/\/www.piaristengymnasium.at\/wordpress\/wp-json\/wp\/v2\/pages"}],"about":[{"href":"https:\/\/www.piaristengymnasium.at\/wordpress\/wp-json\/wp\/v2\/types\/page"}],"author":[{"embeddable":true,"href":"https:\/\/www.piaristengymnasium.at\/wordpress\/wp-json\/wp\/v2\/users\/1"}],"replies":[{"embeddable":true,"href":"https:\/\/www.piaristengymnasium.at\/wordpress\/wp-json\/wp\/v2\/comments?post=759"}],"version-history":[{"count":1,"href":"https:\/\/www.piaristengymnasium.at\/wordpress\/wp-json\/wp\/v2\/pages\/759\/revisions"}],"predecessor-version":[{"id":764,"href":"https:\/\/www.piaristengymnasium.at\/wordpress\/wp-json\/wp\/v2\/pages\/759\/revisions\/764"}],"wp:attachment":[{"href":"https:\/\/www.piaristengymnasium.at\/wordpress\/wp-json\/wp\/v2\/media?parent=759"}],"curies":[{"name":"wp","href":"https:\/\/api.w.org\/{rel}","templated":true}]}}