{"id":704,"date":"2023-03-23T20:52:30","date_gmt":"2023-03-23T19:52:30","guid":{"rendered":"http:\/\/webby.piakrems.ac.at\/wordpress\/?page_id=704"},"modified":"2023-09-14T15:06:28","modified_gmt":"2023-09-14T13:06:28","slug":"bibliotheksordnung","status":"publish","type":"page","link":"https:\/\/www.piaristengymnasium.at\/wordpress\/einfache-seite\/bibliothek\/bibliotheksordnung","title":{"rendered":"Bibliotheksordnung"},"content":{"rendered":"\n<p class=\"has-text-align-center\" style=\"letter-spacing:1px\"><strong>BIBLIOTHEKSORDNUNG<\/strong><\/p>\n\n\n\n<p class=\"has-text-align-center\" style=\"letter-spacing:1px\">&nbsp;<strong>BG\/BRG Piaristengasse 2<\/strong><\/p>\n\n\n\n<p class=\"has-text-align-center\" style=\"letter-spacing:1px\"><strong>Mary Ward Privat-ORG Hoher Markt 1<\/strong><\/p>\n\n\n\n<p>1. Diese Bibliotheksordnung ist Teil der Hausordnung des BG\/BRG Piaristengasse. Ihr Wirkungsbereich erstreckt sich auf alle R\u00e4ume der Schulbibliothek, die von dieser verwalteten Medien (B\u00fccher, Zeitschriften, CD-Roms, DVDs, CDs, Spiele) und die sonstigen Sachwerte.<\/p>\n\n\n\n<p>2. Begriffsbestimmungen:<\/p>\n\n\n\n<ol class=\"wp-block-list\" start=\"1\">\n<li>Als&nbsp;<strong><em>Bibliotheksbenutzer<\/em>&nbsp;<\/strong>gelten Personen, die die Bibliothek betreten und ihre Medien (B\u00fccher, Zeitschriften, CD-Roms, DVDs, CDs, Spiele) und technischen Ger\u00e4te (Computer, Drucker, DVD-Players, Fernseher, Beamer) benutzen. Dazu sind prinzipiell alle Sch\u00fclerInnen und LehrerInnen der beiden Schulen, die diese Bibliothek betreiben (BG\/BRG Piaristengasse 2, Mary Ward Privat-ORG Hoher Markt 1), berechtigt.<\/li>\n\n\n\n<li>Als&nbsp;<strong><em>Entlehner<\/em><\/strong> gelten Personen, denen es nach Ma\u00dfgabe der folgenden Bestimmungen gestattet ist, die Medien der Bibliothek auch au\u00dferhalb dieser zu benutzen<\/li>\n\n\n\n<li>Als&nbsp;<strong><em>Bibliotheksleiterinnen<\/em><\/strong>gelten ausschlie\u00dflich die beiden dazu ausgebildeten Lehrerinnen Mag. Klaudia Zeller und Mag. Hildegard Schandl.<\/li>\n\n\n\n<li>Als&nbsp;<strong><em>Pr\u00e4senzwerke<\/em>&nbsp;<\/strong>gelten alle Medien, die als solche gekennzeichnet sind (SignaturX\/\u2026, roter Streifen, Status \u201cgesperrt\u201d) sowie B\u00fccher, die vor 1900 erschienen sind (\u201cArchiv\u201d) bzw. die B\u00fccher der sogenannten \u201cRainalterbibliothek\u201d.<\/li>\n\n\n\n<li>Als&nbsp;<strong><em>Sch\u00e4den an den B\u00fcchern<\/em><\/strong>&nbsp;gelten auch Eintragungen oder Unterstreichungen sowie fehlende Bestandteile wie CD-ROMs, DVDs, L\u00f6sungshefte oder sonstige Beilagen.<\/li>\n<\/ol>\n\n\n\n<p>3. Bibliotheksbenutzer und Entlehner anerkennen mit der Inanspruchnahme der Bibliothek diese Bibliotheksordnung. In begr\u00fcndeten F\u00e4llen k\u00f6nnen die Bibliothekarinnen<strong><em>&nbsp;das Ben\u00fctzungsrecht oder das Entlehnrecht<\/em><\/strong>&nbsp;oder beides auf bestimmte Zeit oder auf Dauer entziehen (Vermerk im Computer). Der Bibliotheksben\u00fctzer oder Entlehner (bzw. sein gesetzlicher Vertreter) haftet f\u00fcr Besch\u00e4digungen, die er an Medien oder Einrichtungsgegenst\u00e4nden (dazu geh\u00f6ren auch technische Ger\u00e4te) verursacht.<\/p>\n\n\n\n<p>4. Die Schulbibliothek ist auch eine&nbsp;<strong><em>Leihbibliothek<\/em><\/strong>. Eine Ausnahme davon bilden die Pr\u00e4senzwerke (s. Punkt 2.4). Sie k\u00f6nnen nur in den Bibliotheksr\u00e4umen benutzt werden; die Benutzung der B\u00fccher des Archivs bzw. der Rainalterbibliothek ist nur mit Wissen und Genehmigung der Bibliothekarinnen erlaubt. Alle anderen Medien k\u00f6nnen entlehnt werden.<\/p>\n\n\n\n<p>5.\u00a0<strong>Entlehnung<\/strong>:<br>Entlehner erhalten einen Barcode, der sich auf dem jeweils g\u00fcltigen Sch\u00fclerausweis (Educard) befindet. Dieser Ausweis ist nicht \u00fcbertragbar. Die\u00a0<strong>Entlehnfrist<\/strong>\u00a0betr\u00e4gt drei Wochen. Eine Verl\u00e4ngerung der Frist ist ohne Vorlage des Mediums vor Ablauf derselben m\u00f6glich, sofern es nicht schon von einem anderen Benutzer reserviert wurde. Ausnahmen von der Entlehnfrist k\u00f6nnen in begr\u00fcndeten F\u00e4llen (v.a. f\u00fcr Lehrer) gew\u00e4hrt werden.<br><br>Die Weitergabe entlehnter Medien an Dritte ist nicht gestattet.<\/p>\n\n\n\n<p>6. Haftung:<br>Bei Besch\u00e4digung oder Verlust benutzter Medien haftet der Benutzer bzw. Entlehner bzw. dessen gesetzlicher Vertreter f\u00fcr den Zeitwert des benutzten Mediums. Die Bibliothekarinnen k\u00f6nnen auch die Wiederbeschaffung des Mediums verlangen.<\/p>\n\n\n\n<p>7. Das&nbsp;<strong><em>Kopieren<\/em>&nbsp;<\/strong>aus B\u00fcchern der Bibliothek ist nach Ma\u00dfgabe der gesetzlichen Bestimmungen gestattet, jedoch haftet der Benutzer f\u00fcr alle Folgen, die sich aus den \u00dcbertretungen derselben ergeben.<\/p>\n\n\n\n<p>8. Verhalten in der Bibliothek:<br>Bibliotheksbenutzer haben sich so zu verhalten, dass die Arbeit anderer Benutzer und der Bibliothekarinnen nicht gest\u00f6rt wird. Das Mitnehmen von Taschen, Speisen oder Getr\u00e4nken ist nicht gestattet. Das Tragen von Stra\u00dfenschuhen ist verboten. Den Anordnungen der Bibliothekarinnen ist Folge zu leisten.<\/p>\n\n\n\n<p>9. Die Benutzung der Bibliothek au\u00dferhalb der \u00d6ffnungszeiten ist nur unter Aufsicht eines Lehrers gestattet. Dieser haftet f\u00fcr die Einhaltung der Bibliotheksordnung. Eine Entlehnung der Medien ist dabei nicht m\u00f6glich; dies ist ausnahmslos nur bei den Bibliothekarinnen erlaubt.<\/p>\n\n\n\n<p>10. Technische Einrichtung:<br>Die Benutzung des Fernsehers, des DVD-Players und des Beamers ist nur f\u00fcr Unterrichtszwecke vorgesehen. Der PC an der Theke darf nur von den Bibliothekarinnen ben\u00fctzt werden. Die anderen PCs stehen zur freien Verf\u00fcgung; f\u00fcr ihre Benutzung gelten s\u00e4mtliche Vorschriften der EDV-Ordnung. Sie d\u00fcrfen ausschlie\u00dflich f\u00fcr schulische Zwecke (z.B. Recherche f\u00fcr Referate, Haus\u00fcbungen, Bildschirmlexika, Moodle, \u2026) und zum Schreiben bzw. Abrufen von E-Mails verwendet werden. Spielen, Ansehen von Videos und Chatten sind ausdr\u00fccklich verboten!<\/p>\n\n\n\n<p>11. \u00d6ffnungszeiten:<br>Die \u00d6ffnungszeiten werden jedes Jahr neu festgesetzt und an der Pinnwand vor der Bibliothek angeschlagen. Sie betragen 20 Stunden.<\/p>\n","protected":false},"excerpt":{"rendered":"<p>BIBLIOTHEKSORDNUNG &nbsp;BG\/BRG Piaristengasse 2 Mary Ward Privat-ORG Hoher Markt 1 1. Diese Bibliotheksordnung ist Teil der Hausordnung des BG\/BRG Piaristengasse. Ihr Wirkungsbereich erstreckt sich auf alle R\u00e4ume der Schulbibliothek, die von dieser verwalteten Medien (B\u00fccher, Zeitschriften, CD-Roms, DVDs, CDs, Spiele) und die sonstigen Sachwerte. 2. Begriffsbestimmungen: 3. Bibliotheksbenutzer und Entlehner anerkennen mit der Inanspruchnahme der [&hellip;]<\/p>\n","protected":false},"author":6,"featured_media":0,"parent":371,"menu_order":5,"comment_status":"closed","ping_status":"closed","template":"","meta":{"footnotes":""},"class_list":["post-704","page","type-page","status-publish","hentry"],"_links":{"self":[{"href":"https:\/\/www.piaristengymnasium.at\/wordpress\/wp-json\/wp\/v2\/pages\/704","targetHints":{"allow":["GET"]}}],"collection":[{"href":"https:\/\/www.piaristengymnasium.at\/wordpress\/wp-json\/wp\/v2\/pages"}],"about":[{"href":"https:\/\/www.piaristengymnasium.at\/wordpress\/wp-json\/wp\/v2\/types\/page"}],"author":[{"embeddable":true,"href":"https:\/\/www.piaristengymnasium.at\/wordpress\/wp-json\/wp\/v2\/users\/6"}],"replies":[{"embeddable":true,"href":"https:\/\/www.piaristengymnasium.at\/wordpress\/wp-json\/wp\/v2\/comments?post=704"}],"version-history":[{"count":6,"href":"https:\/\/www.piaristengymnasium.at\/wordpress\/wp-json\/wp\/v2\/pages\/704\/revisions"}],"predecessor-version":[{"id":1831,"href":"https:\/\/www.piaristengymnasium.at\/wordpress\/wp-json\/wp\/v2\/pages\/704\/revisions\/1831"}],"up":[{"embeddable":true,"href":"https:\/\/www.piaristengymnasium.at\/wordpress\/wp-json\/wp\/v2\/pages\/371"}],"wp:attachment":[{"href":"https:\/\/www.piaristengymnasium.at\/wordpress\/wp-json\/wp\/v2\/media?parent=704"}],"curies":[{"name":"wp","href":"https:\/\/api.w.org\/{rel}","templated":true}]}}