{"id":584,"date":"2023-03-15T07:24:31","date_gmt":"2023-03-15T06:24:31","guid":{"rendered":"http:\/\/webby.piakrems.ac.at\/wordpress\/?page_id=584"},"modified":"2024-04-24T18:04:20","modified_gmt":"2024-04-24T16:04:20","slug":"x-point-schulsozialarbeit","status":"publish","type":"page","link":"https:\/\/www.piaristengymnasium.at\/wordpress\/x-point-schulsozialarbeit","title":{"rendered":"x-Point Schulsozialarbeit"},"content":{"rendered":"\n<figure class=\"wp-block-image\"><img decoding=\"async\" src=\"blob:https:\/\/www.piaristengymnasium.at\/68878052-961b-46ac-abdb-defe3cbfbce1\" alt=\"\"\/><\/figure>\n\n\n\n<p><em>x<\/em>-point ist eine Anlauf- und Beratungsstelle direkt an der Schule, prim\u00e4r f\u00fcr die Anliegen der Sch\u00fcler:innen und sekund\u00e4r auch f\u00fcr Eltern, Erziehungsberechtigte und Lehrer:innen.<\/p>\n\n\n\n<p>x-point Schulsozialarbeit informiert, ber\u00e4t und unterst\u00fctzt bei allen kinder- und jugendrelevanten Themen und <strong>bietet:<\/strong><\/p>\n\n\n\n<ol class=\"wp-block-list\" type=\"1\" start=\"1\">\n<li>Beratung<\/li>\n\n\n\n<li>Information<\/li>\n\n\n\n<li>Gruppenarbeit\/Klassenaktionen<\/li>\n\n\n\n<li>Konfliktmoderation<\/li>\n\n\n\n<li>L\u00e4ngerfristige Begleitung<\/li>\n\n\n\n<li>Krisenintervention<\/li>\n\n\n\n<li>Unterst\u00fctzung bei Pr\u00e4ventionsma\u00dfnahmen<\/li>\n<\/ol>\n\n\n\n<p><em>Kontaktinformation&nbsp;unter:<\/em><\/p>\n\n\n\n<p><a href=\"https:\/\/www.young.or.at\/krems\/articles\/bg-piaristen-krems.html\">x-point Schulsozialarbeit BG\/BRG Piaristengasse, Krems &#8211; Young<\/a><\/p>\n","protected":false},"excerpt":{"rendered":"<p>x-point ist eine Anlauf- und Beratungsstelle direkt an der Schule, prim\u00e4r f\u00fcr die Anliegen der Sch\u00fcler:innen und sekund\u00e4r auch f\u00fcr Eltern, Erziehungsberechtigte und Lehrer:innen. x-point Schulsozialarbeit informiert, ber\u00e4t und unterst\u00fctzt bei allen kinder- und jugendrelevanten Themen und bietet: Kontaktinformation&nbsp;unter: x-point Schulsozialarbeit BG\/BRG Piaristengasse, Krems &#8211; Young<\/p>\n","protected":false},"author":5,"featured_media":0,"parent":0,"menu_order":0,"comment_status":"closed","ping_status":"closed","template":"","meta":{"footnotes":""},"class_list":["post-584","page","type-page","status-publish","hentry"],"_links":{"self":[{"href":"https:\/\/www.piaristengymnasium.at\/wordpress\/wp-json\/wp\/v2\/pages\/584","targetHints":{"allow":["GET"]}}],"collection":[{"href":"https:\/\/www.piaristengymnasium.at\/wordpress\/wp-json\/wp\/v2\/pages"}],"about":[{"href":"https:\/\/www.piaristengymnasium.at\/wordpress\/wp-json\/wp\/v2\/types\/page"}],"author":[{"embeddable":true,"href":"https:\/\/www.piaristengymnasium.at\/wordpress\/wp-json\/wp\/v2\/users\/5"}],"replies":[{"embeddable":true,"href":"https:\/\/www.piaristengymnasium.at\/wordpress\/wp-json\/wp\/v2\/comments?post=584"}],"version-history":[{"count":6,"href":"https:\/\/www.piaristengymnasium.at\/wordpress\/wp-json\/wp\/v2\/pages\/584\/revisions"}],"predecessor-version":[{"id":2500,"href":"https:\/\/www.piaristengymnasium.at\/wordpress\/wp-json\/wp\/v2\/pages\/584\/revisions\/2500"}],"wp:attachment":[{"href":"https:\/\/www.piaristengymnasium.at\/wordpress\/wp-json\/wp\/v2\/media?parent=584"}],"curies":[{"name":"wp","href":"https:\/\/api.w.org\/{rel}","templated":true}]}}