{"id":432,"date":"2023-03-14T08:12:50","date_gmt":"2023-03-14T07:12:50","guid":{"rendered":"http:\/\/webby.piakrems.ac.at\/wordpress\/?page_id=432"},"modified":"2024-11-07T07:15:17","modified_gmt":"2024-11-07T06:15:17","slug":"unternehmerfuehrerschein","status":"publish","type":"page","link":"https:\/\/www.piaristengymnasium.at\/wordpress\/unternehmerfuehrerschein","title":{"rendered":"Unternehmerf\u00fchrerschein"},"content":{"rendered":"\n<h2 class=\"wp-block-heading\"><strong>Was ist der Unternehmerf\u00fchrerschein?<\/strong><\/h2>\n\n\n\n<p>Kreativit\u00e4t, unternehmerisches Denken, Lernen lernen und digitale Kompetenzen geh\u00f6ren zu den weltweit anerkannten Schl\u00fcsselkompetenzen. Diese Kompetenzen des 21. Jahrhunderts bilden die Grundlage f\u00fcr Innovation, Wachstum und Beteiligung an einer Digitalen Gesellschaft und Wirtschaft. Unternehmergeist und Wirtschaftswissen f\u00f6rdern nachweislich Besch\u00e4ftigungsf\u00e4higkeit und die Bereitschaft zur Selbstst\u00e4ndigkeit und sind in Zeiten globaler Vernetzung und rasanter \u00c4nderungen auf dem Arbeitsmarkt unverzichtbar. Unternehmerische F\u00e4higkeiten und Fertigkeiten sowie Wirtschaftswissen werden nicht nur von Unternehmerinnen und Unternehmern, sondern auch verst\u00e4rkt von Arbeitnehmerinnen und Arbeitnehmern verlangt.<\/p>\n\n\n\n<p>Auch junge Menschen, die sp\u00e4ter kein Unternehmen gr\u00fcnden, profitieren vom unternehmerischen Lernen, da dabei betriebswirtschaftliche Kenntnisse und wesentliche F\u00e4higkeiten und Handlungsweisen vermittelt werden. Das unternehmerische Denken hilft dabei, Ideen in die Tat umzusetzen.<\/p>\n\n\n\n<p>Der Unternehmerf\u00fchrerschein\u00ae (Englisch: \u201eEntrepreneur\u2019s Skills Certificate\u00ae\u201c) geht auf eine Initiative der Wirtschaftskammer \u00d6sterreich zur\u00fcck und deckt diesen Bedarf als Zusatzqualifikation ab. Das erfolgreiche Modell wurde mehrfach von der Europ\u00e4ischen Kommission und Eurochambres als Best-Practice-Beispiel f\u00fcr die F\u00f6rderung unternehmerischer Bildung anerkannt.<\/p>\n\n\n\n<figure class=\"wp-block-image size-large is-resized\"><img loading=\"lazy\" decoding=\"async\" width=\"1024\" height=\"768\" src=\"https:\/\/www.piaristengymnasium.at\/wordpress\/wp-content\/uploads\/2023\/05\/UF2-min-1024x768.jpg\" alt=\"\" class=\"wp-image-1456\" style=\"width:560px;height:425px\" srcset=\"https:\/\/www.piaristengymnasium.at\/wordpress\/wp-content\/uploads\/2023\/05\/UF2-min-1024x768.jpg 1024w, https:\/\/www.piaristengymnasium.at\/wordpress\/wp-content\/uploads\/2023\/05\/UF2-min-300x225.jpg 300w, https:\/\/www.piaristengymnasium.at\/wordpress\/wp-content\/uploads\/2023\/05\/UF2-min-768x576.jpg 768w, https:\/\/www.piaristengymnasium.at\/wordpress\/wp-content\/uploads\/2023\/05\/UF2-min-1536x1152.jpg 1536w, https:\/\/www.piaristengymnasium.at\/wordpress\/wp-content\/uploads\/2023\/05\/UF2-min-2048x1536.jpg 2048w\" sizes=\"auto, (max-width: 1024px) 100vw, 1024px\" \/><\/figure>\n\n\n\n<h2 class=\"wp-block-heading\">Die 4 Module des Unternehmerf\u00fchrerscheins<\/h2>\n\n\n\n<p>Der Unternehmerf\u00fchrerschein setzt sich aus vier eigenst\u00e4ndigen und in sich abgeschlossenen Modulen zusammen. Im Basismodul A liegt der inhaltliche Schwerpunkt auf Basisbegriffen und grundlegenden wirtschaftlichen Zusammenh\u00e4ngen. Das Modul B erkl\u00e4rt volkswirtschaftliche Inhalte, das Modul C skizziert betriebswirtschaftliche Grundlagen. Jedes dieser Module schlie\u00dft mit einer eigenen Online-Pr\u00fcfung ab.<\/p>\n\n\n\n<p>Das abschlie\u00dfende Modul UP beinhaltet Grundlagen des Rechnungswesens. Die im Anschluss an das Modul UP positiv zu absolvierende kommissionelle Abschlusspr\u00fcfung an der Meisterpr\u00fcfungsstelle der Wirtschaftskammer ersetzt die Unternehmerpr\u00fcfung.<\/p>\n\n\n\n<p>Diese ist laut Gewerbeordnung f\u00fcr alle gebundenen und bewilligungspflichtigen Gewerbe gesetzlich vorgeschrieben.<\/p>\n\n\n\n<figure class=\"wp-block-image size-large is-resized\"><img loading=\"lazy\" decoding=\"async\" width=\"1024\" height=\"768\" src=\"https:\/\/www.piaristengymnasium.at\/wordpress\/wp-content\/uploads\/2023\/05\/1-UP-min-1024x768.jpg\" alt=\"\" class=\"wp-image-1457\" style=\"width:560px;height:439px\" srcset=\"https:\/\/www.piaristengymnasium.at\/wordpress\/wp-content\/uploads\/2023\/05\/1-UP-min-1024x768.jpg 1024w, https:\/\/www.piaristengymnasium.at\/wordpress\/wp-content\/uploads\/2023\/05\/1-UP-min-300x225.jpg 300w, https:\/\/www.piaristengymnasium.at\/wordpress\/wp-content\/uploads\/2023\/05\/1-UP-min-768x576.jpg 768w, https:\/\/www.piaristengymnasium.at\/wordpress\/wp-content\/uploads\/2023\/05\/1-UP-min-1536x1151.jpg 1536w, https:\/\/www.piaristengymnasium.at\/wordpress\/wp-content\/uploads\/2023\/05\/1-UP-min-2048x1535.jpg 2048w\" sizes=\"auto, (max-width: 1024px) 100vw, 1024px\" \/><\/figure>\n\n\n\n<h2 class=\"wp-block-heading\"><strong>Was bringt der Unternehmerf\u00fchrerschein?<\/strong><\/h2>\n\n\n\n<p>Mit dem Unternehmerf\u00fchrerschein\u00ae erlangen Sch\u00fclerinnen und Sch\u00fcler eine Zusatzqualifikation, die eine der wichtigsten Schl\u00fcsselqualifikationen ist: Absolventinnen&nbsp; und Absolventen von Modulpr\u00fcfungen haben in der Wirtschaft und am Arbeitsmarkt gegen\u00fcber anderen einen Vorsprung, etwa bei der Bewerbung um einen Ferienjob oder um ein Praktikum, beim Berufseinstieg oder beim weiteren Studium. Die Zertifikate sind au\u00dferdem eine Best\u00e4tigung f\u00fcr Eigeninitiative, besseres Wirtschaftsverst\u00e4ndnis sowie die Besch\u00e4ftigung mit grundlegenden volks- und betriebswirtschaftlichen Zusammenh\u00e4ngen.<\/p>\n\n\n\n<p>Alle vier erfolgreich absolvierten Module sind der Unternehmerpr\u00fcfung gleichgestellt.<\/p>\n","protected":false},"excerpt":{"rendered":"<p>Was ist der Unternehmerf\u00fchrerschein? Kreativit\u00e4t, unternehmerisches Denken, Lernen lernen und digitale Kompetenzen geh\u00f6ren zu den weltweit anerkannten Schl\u00fcsselkompetenzen. Diese Kompetenzen des 21. Jahrhunderts bilden die Grundlage f\u00fcr Innovation, Wachstum und Beteiligung an einer Digitalen Gesellschaft und Wirtschaft. Unternehmergeist und Wirtschaftswissen f\u00f6rdern nachweislich Besch\u00e4ftigungsf\u00e4higkeit und die Bereitschaft zur Selbstst\u00e4ndigkeit und sind in Zeiten globaler Vernetzung und [&hellip;]<\/p>\n","protected":false},"author":5,"featured_media":0,"parent":0,"menu_order":0,"comment_status":"closed","ping_status":"closed","template":"","meta":{"footnotes":""},"class_list":["post-432","page","type-page","status-publish","hentry"],"_links":{"self":[{"href":"https:\/\/www.piaristengymnasium.at\/wordpress\/wp-json\/wp\/v2\/pages\/432","targetHints":{"allow":["GET"]}}],"collection":[{"href":"https:\/\/www.piaristengymnasium.at\/wordpress\/wp-json\/wp\/v2\/pages"}],"about":[{"href":"https:\/\/www.piaristengymnasium.at\/wordpress\/wp-json\/wp\/v2\/types\/page"}],"author":[{"embeddable":true,"href":"https:\/\/www.piaristengymnasium.at\/wordpress\/wp-json\/wp\/v2\/users\/5"}],"replies":[{"embeddable":true,"href":"https:\/\/www.piaristengymnasium.at\/wordpress\/wp-json\/wp\/v2\/comments?post=432"}],"version-history":[{"count":6,"href":"https:\/\/www.piaristengymnasium.at\/wordpress\/wp-json\/wp\/v2\/pages\/432\/revisions"}],"predecessor-version":[{"id":3011,"href":"https:\/\/www.piaristengymnasium.at\/wordpress\/wp-json\/wp\/v2\/pages\/432\/revisions\/3011"}],"wp:attachment":[{"href":"https:\/\/www.piaristengymnasium.at\/wordpress\/wp-json\/wp\/v2\/media?parent=432"}],"curies":[{"name":"wp","href":"https:\/\/api.w.org\/{rel}","templated":true}]}}