{"id":430,"date":"2023-03-14T08:12:34","date_gmt":"2023-03-14T07:12:34","guid":{"rendered":"http:\/\/webby.piakrems.ac.at\/wordpress\/?page_id=430"},"modified":"2023-06-06T08:34:58","modified_gmt":"2023-06-06T06:34:58","slug":"foerdern-fordern-uue","status":"publish","type":"page","link":"https:\/\/www.piaristengymnasium.at\/wordpress\/foerdern-fordern-uue","title":{"rendered":"Begabungsf\u00f6rderung"},"content":{"rendered":"\n<h2 class=\"wp-block-heading\"><strong>Innerschulische F\u00f6rderung<\/strong><\/h2>\n\n\n\n<p>1) Erfolgt an der Schule in\u00a0<strong>Talentf\u00f6rderkursen<\/strong>\u00a0z.B. Mathekrimi (2. Klasse), Mathefuchs (3. Klasse), Debattierclub (6. Klasse).<\/p>\n\n\n\n<p>2) Erfolgt im Piaristengymnasium im&nbsp;<strong>\u201eDreht\u00fcrmodell\u201c&nbsp;<\/strong>sehr individuell:<\/p>\n\n\n\n<p>a) Ausgew\u00e4hlte Sch\u00fclerinnen und Sch\u00fcler d\u00fcrfen den Regelunterricht verlassen, um selbstst\u00e4ndig an ihrem&nbsp;<strong>eigenen Projekt<\/strong>&nbsp;zu arbeiten:&nbsp;<em>z. B. eigenverantwortliches Forschen in Geschichte, Biologie, Geografie, Physik, freies Schreiben in Deutsch, Erstellen von Homepages, Gr\u00fcndung einer Sch\u00fclerzeitung, Inszenierung eines Theaterst\u00fcckes, Violinstudium und Leichtathletiktraining, Teilnahme an Wettbewerben.&nbsp;<\/em><\/p>\n\n\n\n<p>b) Ausgew\u00e4hlte Sch\u00fclerinnen und Sch\u00fcler d\u00fcrfen den Fachunterricht verlassen, um am&nbsp;<strong>Unterricht einer h\u00f6heren Klasse<\/strong>&nbsp;des Piaristengymnasiums teilzunehmen:&nbsp;<em>z. B. in Mathematik, Englisch, Naturwissenschaften.<\/em><\/p>\n\n\n\n<figure class=\"wp-block-gallery has-nested-images columns-2 is-cropped wp-block-gallery-1 is-layout-flex wp-block-gallery-is-layout-flex\">\n<figure class=\"wp-block-image size-large\"><img loading=\"lazy\" decoding=\"async\" width=\"1024\" height=\"768\" data-id=\"1638\" src=\"https:\/\/www.piaristengymnasium.at\/wordpress\/wp-content\/uploads\/2023\/06\/IMG_30263-min-1024x768.jpg\" alt=\"\" class=\"wp-image-1638\" srcset=\"https:\/\/www.piaristengymnasium.at\/wordpress\/wp-content\/uploads\/2023\/06\/IMG_30263-min-1024x768.jpg 1024w, https:\/\/www.piaristengymnasium.at\/wordpress\/wp-content\/uploads\/2023\/06\/IMG_30263-min-300x225.jpg 300w, https:\/\/www.piaristengymnasium.at\/wordpress\/wp-content\/uploads\/2023\/06\/IMG_30263-min-768x576.jpg 768w, https:\/\/www.piaristengymnasium.at\/wordpress\/wp-content\/uploads\/2023\/06\/IMG_30263-min-1536x1152.jpg 1536w, https:\/\/www.piaristengymnasium.at\/wordpress\/wp-content\/uploads\/2023\/06\/IMG_30263-min-2048x1536.jpg 2048w\" sizes=\"auto, (max-width: 1024px) 100vw, 1024px\" \/><\/figure>\n\n\n\n<figure class=\"wp-block-image size-large\"><img loading=\"lazy\" decoding=\"async\" width=\"1024\" height=\"768\" data-id=\"1637\" src=\"https:\/\/www.piaristengymnasium.at\/wordpress\/wp-content\/uploads\/2023\/06\/IMG_303692-min-1-1024x768.jpg\" alt=\"\" class=\"wp-image-1637\" srcset=\"https:\/\/www.piaristengymnasium.at\/wordpress\/wp-content\/uploads\/2023\/06\/IMG_303692-min-1-1024x768.jpg 1024w, https:\/\/www.piaristengymnasium.at\/wordpress\/wp-content\/uploads\/2023\/06\/IMG_303692-min-1-300x225.jpg 300w, https:\/\/www.piaristengymnasium.at\/wordpress\/wp-content\/uploads\/2023\/06\/IMG_303692-min-1-768x576.jpg 768w, https:\/\/www.piaristengymnasium.at\/wordpress\/wp-content\/uploads\/2023\/06\/IMG_303692-min-1-1536x1152.jpg 1536w, https:\/\/www.piaristengymnasium.at\/wordpress\/wp-content\/uploads\/2023\/06\/IMG_303692-min-1-2048x1536.jpg 2048w\" sizes=\"auto, (max-width: 1024px) 100vw, 1024px\" \/><\/figure>\n\n\n\n<figure class=\"wp-block-image size-large\"><img loading=\"lazy\" decoding=\"async\" width=\"1024\" height=\"768\" data-id=\"1639\" src=\"https:\/\/www.piaristengymnasium.at\/wordpress\/wp-content\/uploads\/2023\/06\/IMG_299378-min-1024x768.jpg\" alt=\"\" class=\"wp-image-1639\" srcset=\"https:\/\/www.piaristengymnasium.at\/wordpress\/wp-content\/uploads\/2023\/06\/IMG_299378-min-1024x768.jpg 1024w, https:\/\/www.piaristengymnasium.at\/wordpress\/wp-content\/uploads\/2023\/06\/IMG_299378-min-300x225.jpg 300w, https:\/\/www.piaristengymnasium.at\/wordpress\/wp-content\/uploads\/2023\/06\/IMG_299378-min-768x576.jpg 768w, https:\/\/www.piaristengymnasium.at\/wordpress\/wp-content\/uploads\/2023\/06\/IMG_299378-min-1536x1152.jpg 1536w, https:\/\/www.piaristengymnasium.at\/wordpress\/wp-content\/uploads\/2023\/06\/IMG_299378-min-2048x1536.jpg 2048w\" sizes=\"auto, (max-width: 1024px) 100vw, 1024px\" \/><\/figure>\n\n\n\n<figure class=\"wp-block-image size-large\"><img loading=\"lazy\" decoding=\"async\" width=\"1024\" height=\"768\" data-id=\"1640\" src=\"https:\/\/www.piaristengymnasium.at\/wordpress\/wp-content\/uploads\/2023\/06\/IMG_300314-min-1024x768.jpg\" alt=\"\" class=\"wp-image-1640\" srcset=\"https:\/\/www.piaristengymnasium.at\/wordpress\/wp-content\/uploads\/2023\/06\/IMG_300314-min-1024x768.jpg 1024w, https:\/\/www.piaristengymnasium.at\/wordpress\/wp-content\/uploads\/2023\/06\/IMG_300314-min-300x225.jpg 300w, https:\/\/www.piaristengymnasium.at\/wordpress\/wp-content\/uploads\/2023\/06\/IMG_300314-min-768x576.jpg 768w, https:\/\/www.piaristengymnasium.at\/wordpress\/wp-content\/uploads\/2023\/06\/IMG_300314-min-1536x1152.jpg 1536w, https:\/\/www.piaristengymnasium.at\/wordpress\/wp-content\/uploads\/2023\/06\/IMG_300314-min-2048x1536.jpg 2048w\" sizes=\"auto, (max-width: 1024px) 100vw, 1024px\" \/><\/figure>\n\n\n\n<figure class=\"wp-block-image size-large\"><img loading=\"lazy\" decoding=\"async\" width=\"1024\" height=\"768\" data-id=\"1641\" src=\"https:\/\/www.piaristengymnasium.at\/wordpress\/wp-content\/uploads\/2023\/06\/IMG_300966-min-1024x768.jpg\" alt=\"\" class=\"wp-image-1641\" srcset=\"https:\/\/www.piaristengymnasium.at\/wordpress\/wp-content\/uploads\/2023\/06\/IMG_300966-min-1024x768.jpg 1024w, https:\/\/www.piaristengymnasium.at\/wordpress\/wp-content\/uploads\/2023\/06\/IMG_300966-min-300x225.jpg 300w, https:\/\/www.piaristengymnasium.at\/wordpress\/wp-content\/uploads\/2023\/06\/IMG_300966-min-768x576.jpg 768w, https:\/\/www.piaristengymnasium.at\/wordpress\/wp-content\/uploads\/2023\/06\/IMG_300966-min-1536x1152.jpg 1536w, https:\/\/www.piaristengymnasium.at\/wordpress\/wp-content\/uploads\/2023\/06\/IMG_300966-min-2048x1536.jpg 2048w\" sizes=\"auto, (max-width: 1024px) 100vw, 1024px\" \/><\/figure>\n\n\n\n<figure class=\"wp-block-image size-large\"><img loading=\"lazy\" decoding=\"async\" width=\"1024\" height=\"768\" data-id=\"1642\" src=\"https:\/\/www.piaristengymnasium.at\/wordpress\/wp-content\/uploads\/2023\/06\/IMG_302141-min-1024x768.jpg\" alt=\"\" class=\"wp-image-1642\" srcset=\"https:\/\/www.piaristengymnasium.at\/wordpress\/wp-content\/uploads\/2023\/06\/IMG_302141-min-1024x768.jpg 1024w, https:\/\/www.piaristengymnasium.at\/wordpress\/wp-content\/uploads\/2023\/06\/IMG_302141-min-300x225.jpg 300w, https:\/\/www.piaristengymnasium.at\/wordpress\/wp-content\/uploads\/2023\/06\/IMG_302141-min-768x576.jpg 768w, https:\/\/www.piaristengymnasium.at\/wordpress\/wp-content\/uploads\/2023\/06\/IMG_302141-min-1536x1152.jpg 1536w, https:\/\/www.piaristengymnasium.at\/wordpress\/wp-content\/uploads\/2023\/06\/IMG_302141-min-2048x1536.jpg 2048w\" sizes=\"auto, (max-width: 1024px) 100vw, 1024px\" \/><\/figure>\n<\/figure>\n\n\n\n<h2 class=\"wp-block-heading\"><strong>Au\u00dferschulische F\u00f6rderung<\/strong><\/h2>\n\n\n\n<h3 class=\"wp-block-heading\"><strong>Talentf\u00f6rderkurse der Begabtenakademie N\u00d6<\/strong><\/h3>\n\n\n\n<p>Zusatzangebote am Nachmittag, ohne \u00dcbernachtung<\/p>\n\n\n\n<h3 class=\"wp-block-heading\"><strong>Intensivkurse im Talentezentrum Schloss G\u00f6ttweig<\/strong><\/h3>\n\n\n\n<p>5 Tage w\u00e4hrend des Schuljahres, mit \u00dcbernachtung<\/p>\n\n\n\n<h3 class=\"wp-block-heading\"><strong>Leistungskurse der Sommerakademie am Semmering<\/strong><\/h3>\n\n\n\n<p>5 Tage in den Ferien, mit \u00dcbernachtung<\/p>\n\n\n\n<figure class=\"wp-block-gallery has-nested-images columns-default is-cropped wp-block-gallery-2 is-layout-flex wp-block-gallery-is-layout-flex\">\n<figure class=\"wp-block-image size-large\"><img loading=\"lazy\" decoding=\"async\" width=\"1024\" height=\"768\" data-id=\"1636\" src=\"https:\/\/www.piaristengymnasium.at\/wordpress\/wp-content\/uploads\/2023\/06\/IMG_30417-min-1024x768.jpg\" alt=\"\" class=\"wp-image-1636\" srcset=\"https:\/\/www.piaristengymnasium.at\/wordpress\/wp-content\/uploads\/2023\/06\/IMG_30417-min-1024x768.jpg 1024w, https:\/\/www.piaristengymnasium.at\/wordpress\/wp-content\/uploads\/2023\/06\/IMG_30417-min-300x225.jpg 300w, https:\/\/www.piaristengymnasium.at\/wordpress\/wp-content\/uploads\/2023\/06\/IMG_30417-min-768x576.jpg 768w, https:\/\/www.piaristengymnasium.at\/wordpress\/wp-content\/uploads\/2023\/06\/IMG_30417-min-1536x1152.jpg 1536w, https:\/\/www.piaristengymnasium.at\/wordpress\/wp-content\/uploads\/2023\/06\/IMG_30417-min-2048x1536.jpg 2048w\" sizes=\"auto, (max-width: 1024px) 100vw, 1024px\" \/><\/figure>\n\n\n\n<figure class=\"wp-block-image size-large\"><img loading=\"lazy\" decoding=\"async\" width=\"1024\" height=\"768\" data-id=\"1646\" src=\"https:\/\/www.piaristengymnasium.at\/wordpress\/wp-content\/uploads\/2023\/06\/IMG_3086100-min-1024x768.jpg\" alt=\"\" class=\"wp-image-1646\" srcset=\"https:\/\/www.piaristengymnasium.at\/wordpress\/wp-content\/uploads\/2023\/06\/IMG_3086100-min-1024x768.jpg 1024w, https:\/\/www.piaristengymnasium.at\/wordpress\/wp-content\/uploads\/2023\/06\/IMG_3086100-min-300x225.jpg 300w, https:\/\/www.piaristengymnasium.at\/wordpress\/wp-content\/uploads\/2023\/06\/IMG_3086100-min-768x576.jpg 768w, https:\/\/www.piaristengymnasium.at\/wordpress\/wp-content\/uploads\/2023\/06\/IMG_3086100-min-1536x1152.jpg 1536w, https:\/\/www.piaristengymnasium.at\/wordpress\/wp-content\/uploads\/2023\/06\/IMG_3086100-min-2048x1536.jpg 2048w\" sizes=\"auto, (max-width: 1024px) 100vw, 1024px\" \/><\/figure>\n<\/figure>\n\n\n\n<h2 class=\"wp-block-heading\"><strong>Sch\u00fclerInnen an die Hochschulen<\/strong><\/h2>\n\n\n\n<p>Besonders begabte Oberstufensch\u00fclerinnen und \u2013sch\u00fcler d\u00fcrfen bereits w\u00e4hrend der Schulzeit&nbsp;<strong>Lehrveranstaltungen an Universit\u00e4ten<\/strong>&nbsp;oder Fachhochschulen besuchen und auch&nbsp;<strong>Pr\u00fcfungen<\/strong>&nbsp;ablegen, die dann nach der Matura voll angerechnet werden.<\/p>\n\n\n\n<figure class=\"wp-block-image size-large is-resized\"><img loading=\"lazy\" decoding=\"async\" src=\"https:\/\/www.piaristengymnasium.at\/wordpress\/wp-content\/uploads\/2023\/06\/IMG_115067-min-1024x768.jpg\" alt=\"\" class=\"wp-image-1634\" width=\"512\" height=\"384\" srcset=\"https:\/\/www.piaristengymnasium.at\/wordpress\/wp-content\/uploads\/2023\/06\/IMG_115067-min-1024x768.jpg 1024w, https:\/\/www.piaristengymnasium.at\/wordpress\/wp-content\/uploads\/2023\/06\/IMG_115067-min-300x225.jpg 300w, https:\/\/www.piaristengymnasium.at\/wordpress\/wp-content\/uploads\/2023\/06\/IMG_115067-min-768x576.jpg 768w, https:\/\/www.piaristengymnasium.at\/wordpress\/wp-content\/uploads\/2023\/06\/IMG_115067-min-1536x1152.jpg 1536w, https:\/\/www.piaristengymnasium.at\/wordpress\/wp-content\/uploads\/2023\/06\/IMG_115067-min-2048x1536.jpg 2048w\" sizes=\"auto, (max-width: 512px) 100vw, 512px\" \/><\/figure>\n\n\n\n<p><br><\/p>\n","protected":false},"excerpt":{"rendered":"<p>Innerschulische F\u00f6rderung 1) Erfolgt an der Schule in\u00a0Talentf\u00f6rderkursen\u00a0z.B. Mathekrimi (2. Klasse), Mathefuchs (3. Klasse), Debattierclub (6. Klasse). 2) Erfolgt im Piaristengymnasium im&nbsp;\u201eDreht\u00fcrmodell\u201c&nbsp;sehr individuell: a) Ausgew\u00e4hlte Sch\u00fclerinnen und Sch\u00fcler d\u00fcrfen den Regelunterricht verlassen, um selbstst\u00e4ndig an ihrem&nbsp;eigenen Projekt&nbsp;zu arbeiten:&nbsp;z. B. eigenverantwortliches Forschen in Geschichte, Biologie, Geografie, Physik, freies Schreiben in Deutsch, Erstellen von Homepages, Gr\u00fcndung einer [&hellip;]<\/p>\n","protected":false},"author":5,"featured_media":0,"parent":0,"menu_order":0,"comment_status":"closed","ping_status":"closed","template":"","meta":{"footnotes":""},"class_list":["post-430","page","type-page","status-publish","hentry"],"_links":{"self":[{"href":"https:\/\/www.piaristengymnasium.at\/wordpress\/wp-json\/wp\/v2\/pages\/430","targetHints":{"allow":["GET"]}}],"collection":[{"href":"https:\/\/www.piaristengymnasium.at\/wordpress\/wp-json\/wp\/v2\/pages"}],"about":[{"href":"https:\/\/www.piaristengymnasium.at\/wordpress\/wp-json\/wp\/v2\/types\/page"}],"author":[{"embeddable":true,"href":"https:\/\/www.piaristengymnasium.at\/wordpress\/wp-json\/wp\/v2\/users\/5"}],"replies":[{"embeddable":true,"href":"https:\/\/www.piaristengymnasium.at\/wordpress\/wp-json\/wp\/v2\/comments?post=430"}],"version-history":[{"count":12,"href":"https:\/\/www.piaristengymnasium.at\/wordpress\/wp-json\/wp\/v2\/pages\/430\/revisions"}],"predecessor-version":[{"id":1647,"href":"https:\/\/www.piaristengymnasium.at\/wordpress\/wp-json\/wp\/v2\/pages\/430\/revisions\/1647"}],"wp:attachment":[{"href":"https:\/\/www.piaristengymnasium.at\/wordpress\/wp-json\/wp\/v2\/media?parent=430"}],"curies":[{"name":"wp","href":"https:\/\/api.w.org\/{rel}","templated":true}]}}