{"id":426,"date":"2023-03-14T08:11:29","date_gmt":"2023-03-14T07:11:29","guid":{"rendered":"http:\/\/webby.piakrems.ac.at\/wordpress\/?page_id=426"},"modified":"2023-09-11T07:31:36","modified_gmt":"2023-09-11T05:31:36","slug":"friends-projekt","status":"publish","type":"page","link":"https:\/\/www.piaristengymnasium.at\/wordpress\/friends-projekt","title":{"rendered":"Friends Projekt"},"content":{"rendered":"\n<h2 class=\"wp-block-heading\">Soziale Bildung \u2013 eine Herzensangelegenheit<\/h2>\n\n\n\n<figure class=\"wp-block-image size-large is-resized\"><img loading=\"lazy\" decoding=\"async\" src=\"http:\/\/webby.piakrems.ac.at\/wordpress\/wp-content\/uploads\/2023\/04\/Friends1-1024x613.jpg\" alt=\"\" class=\"wp-image-1139\" width=\"601\" height=\"360\" srcset=\"https:\/\/www.piaristengymnasium.at\/wordpress\/wp-content\/uploads\/2023\/04\/Friends1-1024x613.jpg 1024w, https:\/\/www.piaristengymnasium.at\/wordpress\/wp-content\/uploads\/2023\/04\/Friends1-300x180.jpg 300w, https:\/\/www.piaristengymnasium.at\/wordpress\/wp-content\/uploads\/2023\/04\/Friends1-768x460.jpg 768w, https:\/\/www.piaristengymnasium.at\/wordpress\/wp-content\/uploads\/2023\/04\/Friends1-1536x919.jpg 1536w, https:\/\/www.piaristengymnasium.at\/wordpress\/wp-content\/uploads\/2023\/04\/Friends1-2048x1226.jpg 2048w, https:\/\/www.piaristengymnasium.at\/wordpress\/wp-content\/uploads\/2023\/04\/Friends1-2000x1200.jpg 2000w\" sizes=\"auto, (max-width: 601px) 100vw, 601px\" \/><\/figure>\n\n\n\n<h2 class=\"wp-block-heading\">Friends<\/h2>\n\n\n\n<p><strong><em>Friends<\/em><\/strong>, das sind am Piaristengymnasium Sch\u00fclerInnen der Oberstufe, die unseren Erstkl\u00e4sslerInnen in ihren ersten Tagen, Wochen und Monaten wie\u00a0ein \u201ebuddy\u201c oder ein gro\u00dfer Bruder\/eine gro\u00dfe Schwester zur Seite stehen. Sie unterst\u00fctzen sie dabei, sich in der Schule gut einzuleben und schnell zurechtzufinden.\u00a0<\/p>\n\n\n\n<figure class=\"wp-block-image size-large is-resized\"><img loading=\"lazy\" decoding=\"async\" src=\"http:\/\/webby.piakrems.ac.at\/wordpress\/wp-content\/uploads\/2023\/04\/Friends2-min-906x1024.jpg\" alt=\"\" class=\"wp-image-1140\" width=\"502\" height=\"567\" srcset=\"https:\/\/www.piaristengymnasium.at\/wordpress\/wp-content\/uploads\/2023\/04\/Friends2-min-906x1024.jpg 906w, https:\/\/www.piaristengymnasium.at\/wordpress\/wp-content\/uploads\/2023\/04\/Friends2-min-265x300.jpg 265w, https:\/\/www.piaristengymnasium.at\/wordpress\/wp-content\/uploads\/2023\/04\/Friends2-min-768x869.jpg 768w, https:\/\/www.piaristengymnasium.at\/wordpress\/wp-content\/uploads\/2023\/04\/Friends2-min-1358x1536.jpg 1358w, https:\/\/www.piaristengymnasium.at\/wordpress\/wp-content\/uploads\/2023\/04\/Friends2-min-1811x2048.jpg 1811w\" sizes=\"auto, (max-width: 502px) 100vw, 502px\" \/><\/figure>\n\n\n\n<p>Sowohl Schulanf\u00e4nger wie Oberstufensch\u00fcler st\u00e4rken in dem Projekt ihre&nbsp;sozialen Kompetenzen. Die einen agieren als Vorbilder und \u00fcbernehmen Verantwortung und die anderen machen schon in den ersten Tagen die wichtige Erfahrung, Unterst\u00fctzung zu bekommen, falls diese notwendig ist &#8211; in jedem Fall aber, in der neuen Schule angekommen und ein wichtiger Teil der Gemeinschaft zu sein.<\/p>\n\n\n\n<p>Unsere Oberstufensch\u00fclerInnen gestalten im Rahmen des Friends-Projektes aktiv:<\/p>\n\n\n\n<p>den&nbsp;<strong>Empfang der Erstkl\u00e4sslerInnen<\/strong>&nbsp;an ihrem 1. Schultag<\/p>\n\n\n\n<p>den&nbsp;<strong>Friendsday&nbsp;<\/strong>in der 1. Schulwoche \u2013 ein spielerisches Kennenlernen bei Stationenbetrieb in der ganzen Schule<\/p>\n\n\n\n<p>die&nbsp;<strong>Kennenlerntage<\/strong>&nbsp;im Jugendhaus Stift G\u00f6ttweig in der 2. Schulwoche<\/p>\n\n\n\n<p>den&nbsp;<strong>Tag der offenen T\u00fcr<\/strong><\/p>\n\n\n\n<p>einen&nbsp;<strong>gemeinsamen Ausflug<\/strong>&nbsp;am Ende des Schuljahres<\/p>\n\n\n\n<p>verschiedene gemeinsame Aktivit\u00e4ten zwischendurch<\/p>\n\n\n\n<div class=\"wp-block-columns is-layout-flex wp-container-core-columns-is-layout-9d6595d7 wp-block-columns-is-layout-flex\">\n<div class=\"wp-block-column is-layout-flow wp-block-column-is-layout-flow\">\n<figure class=\"wp-block-image size-large is-resized\"><img loading=\"lazy\" decoding=\"async\" src=\"https:\/\/www.piaristengymnasium.at\/wordpress\/wp-content\/uploads\/2023\/04\/Friends3-1024x738.jpg\" alt=\"\" class=\"wp-image-1141\" width=\"632\" height=\"455\" srcset=\"https:\/\/www.piaristengymnasium.at\/wordpress\/wp-content\/uploads\/2023\/04\/Friends3-1024x738.jpg 1024w, https:\/\/www.piaristengymnasium.at\/wordpress\/wp-content\/uploads\/2023\/04\/Friends3-300x216.jpg 300w, https:\/\/www.piaristengymnasium.at\/wordpress\/wp-content\/uploads\/2023\/04\/Friends3-768x553.jpg 768w, https:\/\/www.piaristengymnasium.at\/wordpress\/wp-content\/uploads\/2023\/04\/Friends3-1536x1107.jpg 1536w, https:\/\/www.piaristengymnasium.at\/wordpress\/wp-content\/uploads\/2023\/04\/Friends3-2048x1476.jpg 2048w\" sizes=\"auto, (max-width: 632px) 100vw, 632px\" \/><\/figure>\n<\/div>\n<\/div>\n\n\n\n<p>Unsere Friends zeigen und erweitern dabei ihre Kreativit\u00e4t, ihr Organisationstalent, Verantwortungsbewusstsein und Teamgeist.&nbsp;<\/p>\n\n\n\n<p>\u201eGro\u00df\u201c lernt bei all diesen gemeinsamen Aktivit\u00e4ten aber genauso von \u201eKlein\u201c.&nbsp;&nbsp;Bei den Kennenlerntagen in G\u00f6ttweig unterst\u00fctzen zwei erfahrene Sozialp\u00e4dagogen unsere neuen Sch\u00fclerInnen und ihre Klassenvorst\u00e4nde beim St\u00e4rken der Klassengemeinschaft, Teamf\u00e4higkeit und Selbstst\u00e4ndigkeit. Als highlight bereiten die Erstkl\u00e4sslerInnen bunte Stationen f\u00fcr ihre Friends vor, die sie in G\u00f6ttweig besuchen.<\/p>\n\n\n\n<p>Nicht nur eine exzellente Wissensvermittlung, sondern auch&nbsp;soziale Bildung&nbsp;geh\u00f6ren heute zu einer sehr guten Ausbildung und Basis f\u00fcr das weitere Leben. Das Piaristengymnasium Krems bietet beides&nbsp;\ud83d\ude0a<\/p>\n\n\n\n<div class=\"wp-block-columns is-layout-flex wp-container-core-columns-is-layout-9d6595d7 wp-block-columns-is-layout-flex\">\n<div class=\"wp-block-column is-layout-flow wp-block-column-is-layout-flow\">\n<figure class=\"wp-block-image size-large\"><img loading=\"lazy\" decoding=\"async\" width=\"770\" height=\"1024\" src=\"http:\/\/webby.piakrems.ac.at\/wordpress\/wp-content\/uploads\/2023\/04\/Goettweig9-2-770x1024.jpg\" alt=\"\" class=\"wp-image-1147\" srcset=\"https:\/\/www.piaristengymnasium.at\/wordpress\/wp-content\/uploads\/2023\/04\/Goettweig9-2-770x1024.jpg 770w, https:\/\/www.piaristengymnasium.at\/wordpress\/wp-content\/uploads\/2023\/04\/Goettweig9-2-226x300.jpg 226w, https:\/\/www.piaristengymnasium.at\/wordpress\/wp-content\/uploads\/2023\/04\/Goettweig9-2-768x1021.jpg 768w, https:\/\/www.piaristengymnasium.at\/wordpress\/wp-content\/uploads\/2023\/04\/Goettweig9-2-1155x1536.jpg 1155w, https:\/\/www.piaristengymnasium.at\/wordpress\/wp-content\/uploads\/2023\/04\/Goettweig9-2-1540x2048.jpg 1540w, https:\/\/www.piaristengymnasium.at\/wordpress\/wp-content\/uploads\/2023\/04\/Goettweig9-2.jpg 1827w\" sizes=\"auto, (max-width: 770px) 100vw, 770px\" \/><\/figure>\n<\/div>\n\n\n\n<div class=\"wp-block-column is-layout-flow wp-block-column-is-layout-flow\">\n<figure class=\"wp-block-image size-large\"><img loading=\"lazy\" decoding=\"async\" width=\"1024\" height=\"663\" src=\"http:\/\/webby.piakrems.ac.at\/wordpress\/wp-content\/uploads\/2023\/04\/Goettweig7-2-1024x663.jpg\" alt=\"\" class=\"wp-image-1145\" srcset=\"https:\/\/www.piaristengymnasium.at\/wordpress\/wp-content\/uploads\/2023\/04\/Goettweig7-2-1024x663.jpg 1024w, https:\/\/www.piaristengymnasium.at\/wordpress\/wp-content\/uploads\/2023\/04\/Goettweig7-2-300x194.jpg 300w, https:\/\/www.piaristengymnasium.at\/wordpress\/wp-content\/uploads\/2023\/04\/Goettweig7-2-768x497.jpg 768w, https:\/\/www.piaristengymnasium.at\/wordpress\/wp-content\/uploads\/2023\/04\/Goettweig7-2-1536x994.jpg 1536w, https:\/\/www.piaristengymnasium.at\/wordpress\/wp-content\/uploads\/2023\/04\/Goettweig7-2-2048x1325.jpg 2048w\" sizes=\"auto, (max-width: 1024px) 100vw, 1024px\" \/><\/figure>\n<\/div>\n<\/div>\n","protected":false},"excerpt":{"rendered":"<p>Soziale Bildung \u2013 eine Herzensangelegenheit Friends Friends, das sind am Piaristengymnasium Sch\u00fclerInnen der Oberstufe, die unseren Erstkl\u00e4sslerInnen in ihren ersten Tagen, Wochen und Monaten wie\u00a0ein \u201ebuddy\u201c oder ein gro\u00dfer Bruder\/eine gro\u00dfe Schwester zur Seite stehen. Sie unterst\u00fctzen sie dabei, sich in der Schule gut einzuleben und schnell zurechtzufinden.\u00a0 Sowohl Schulanf\u00e4nger wie Oberstufensch\u00fcler st\u00e4rken in dem [&hellip;]<\/p>\n","protected":false},"author":5,"featured_media":0,"parent":0,"menu_order":0,"comment_status":"closed","ping_status":"closed","template":"","meta":{"footnotes":""},"class_list":["post-426","page","type-page","status-publish","hentry"],"_links":{"self":[{"href":"https:\/\/www.piaristengymnasium.at\/wordpress\/wp-json\/wp\/v2\/pages\/426","targetHints":{"allow":["GET"]}}],"collection":[{"href":"https:\/\/www.piaristengymnasium.at\/wordpress\/wp-json\/wp\/v2\/pages"}],"about":[{"href":"https:\/\/www.piaristengymnasium.at\/wordpress\/wp-json\/wp\/v2\/types\/page"}],"author":[{"embeddable":true,"href":"https:\/\/www.piaristengymnasium.at\/wordpress\/wp-json\/wp\/v2\/users\/5"}],"replies":[{"embeddable":true,"href":"https:\/\/www.piaristengymnasium.at\/wordpress\/wp-json\/wp\/v2\/comments?post=426"}],"version-history":[{"count":7,"href":"https:\/\/www.piaristengymnasium.at\/wordpress\/wp-json\/wp\/v2\/pages\/426\/revisions"}],"predecessor-version":[{"id":1766,"href":"https:\/\/www.piaristengymnasium.at\/wordpress\/wp-json\/wp\/v2\/pages\/426\/revisions\/1766"}],"wp:attachment":[{"href":"https:\/\/www.piaristengymnasium.at\/wordpress\/wp-json\/wp\/v2\/media?parent=426"}],"curies":[{"name":"wp","href":"https:\/\/api.w.org\/{rel}","templated":true}]}}