{"id":424,"date":"2023-03-14T08:11:16","date_gmt":"2023-03-14T07:11:16","guid":{"rendered":"http:\/\/webby.piakrems.ac.at\/wordpress\/?page_id=424"},"modified":"2025-11-12T16:58:34","modified_gmt":"2025-11-12T15:58:34","slug":"nachmittagsbetreuung-2","status":"publish","type":"page","link":"https:\/\/www.piaristengymnasium.at\/wordpress\/nachmittagsbetreuung-2","title":{"rendered":"Nachmittagsbetreuung"},"content":{"rendered":"\n<p class=\"has-text-color\" style=\"color:#94c120\"><strong>Betreute Unterst\u00fctzung und eigenverantwortliches Arbeiten<\/strong><\/p>\n\n\n\n<p>Die Nachmittagsbetreuung beginnt an Schultagen nach Unterrichtsschluss und ist bis 16:35 Uhr m\u00f6glich. Wir unterst\u00fctzen und f\u00f6rdern Ihr Kind mit folgenden Angeboten:<\/p>\n\n\n\n<p class=\"has-text-color\" style=\"color:#94c120\"><strong>Lernzeit<\/strong><\/p>\n\n\n\n<ul class=\"wp-block-list\">\n<li>Unterst\u00fctzung beim Erledigen und Organisieren der Haus\u00fcbungen, lernen f\u00fcr Schularbeiten und andere Leistungs\u00fcberpr\u00fcfungen<\/li>\n\n\n\n<li>In der Lernzeit bieten Fachlehrkr\u00e4fte von Schularbeitsf\u00e4chern ihre Unterst\u00fctzung an<\/li>\n\n\n\n<li>Hilfestellungen beim \u201eLernen lernen\u201c<\/li>\n<\/ul>\n\n\n\n<p class=\"has-text-color\" style=\"color:#94c120\"><strong>Freizeit<\/strong><\/p>\n\n\n\n<ul class=\"wp-block-list\">\n<li>M\u00f6glichkeit einer warmen Mahlzeit zu Mittag<\/li>\n\n\n\n<li>Bewegte Mittagspause im Turnsaal<\/li>\n\n\n\n<li>Schwerpunktstunden in den Bereichen Kreatives, Sport oder Naturwissenschaften m\u00f6glich<\/li>\n\n\n\n<li>Die Kinder k\u00f6nnen aus vielen Spielen w\u00e4hlen: Brett- und Gesellschaftsspiele, Wuzzeln, Tischbillard oder Tischtennis<\/li>\n\n\n\n<li>Der Schulhof, der Piaristenpark oder der Spielplatz im Bienchenpark laden zum gemeinsamen Spielen und Bewegen im Freien ein<\/li>\n\n\n\n<li>Erlangung zus\u00e4tzlicher sozialer Kompetenzen<\/li>\n<\/ul>\n\n\n\n<hr class=\"wp-block-separator has-alpha-channel-opacity\"\/>\n\n\n\n<div class=\"wp-block-columns is-layout-flex wp-container-core-columns-is-layout-9d6595d7 wp-block-columns-is-layout-flex\">\n<div class=\"wp-block-column is-layout-flow wp-block-column-is-layout-flow\">\n<p class=\"has-text-color\" style=\"color:#94c120\"><strong>Kosten pro Monat<\/strong><\/p>\n\n\n\n<p>1 Wochentag:&nbsp;&nbsp;&nbsp;EUR 26,40&nbsp;<\/p>\n\n\n\n<p>2 Wochentage:&nbsp;EUR 35,20<\/p>\n\n\n\n<p>3 Wochentage:&nbsp;EUR 52,80<\/p>\n\n\n\n<p>4 Wochentage:&nbsp;EUR 70,40<\/p>\n\n\n\n<p>5 Wochentage:&nbsp;EUR 88,00<\/p>\n\n\n\n<p>Es besteht die M\u00f6glichkeit, um Erm\u00e4\u00dfigung des Betreuungsbeitrages anzusuchen. Informationen dazu erhalten Sie bei der Leitung der Nachmittagsbetreuung.<\/p>\n<\/div>\n\n\n\n<div class=\"wp-block-column is-layout-flow wp-block-column-is-layout-flow\">\n<p class=\"has-text-align-center has-text-color\" style=\"color:#94c120\">A<strong>nsprechperson<\/strong><\/p>\n\n\n<div class=\"wp-block-image\">\n<figure class=\"aligncenter size-full is-resized\"><img loading=\"lazy\" decoding=\"async\" width=\"628\" height=\"919\" src=\"https:\/\/www.piaristengymnasium.at\/wordpress\/wp-content\/uploads\/2023\/03\/Bildschirmfoto-2023-03-14-um-08.58.18-1.png\" alt=\"\" class=\"wp-image-460\" style=\"width:157px;height:230px\" srcset=\"https:\/\/www.piaristengymnasium.at\/wordpress\/wp-content\/uploads\/2023\/03\/Bildschirmfoto-2023-03-14-um-08.58.18-1.png 628w, https:\/\/www.piaristengymnasium.at\/wordpress\/wp-content\/uploads\/2023\/03\/Bildschirmfoto-2023-03-14-um-08.58.18-1-205x300.png 205w\" sizes=\"auto, (max-width: 628px) 100vw, 628px\" \/><\/figure>\n<\/div>\n\n\n<p class=\"has-text-align-center\">Mag. Klaus Wolfram<\/p>\n\n\n\n<p class=\"has-text-align-center\"><a href=\"mailto:nb@piaristengymnasium.at\">nb(at)piaristengymnasium.at<\/a><\/p>\n<\/div>\n<\/div>\n\n\n\n<hr class=\"wp-block-separator has-alpha-channel-opacity\"\/>\n\n\n\n<p>Weitere Informationen und das Anmeldeformular finden sie hier:\u00a0<a href=\"https:\/\/www.piaristengymnasium.at\/wordpress\/wp-content\/uploads\/2025\/08\/Info-und-Anmeldung-Nachmittagsbetreuung_2025-26.pdf\">Anmeldung<\/a> und <a href=\"https:\/\/www.piaristengymnasium.at\/wordpress\/wp-content\/uploads\/2025\/11\/Nachmittagsbetreuung.pdf\">Informationen<\/a> zur Nachmittagsbetreuung<\/p>\n\n\n\n<p>Die Nachmittagsbetreuung ist am Nachmittag unter 0680 \/ 554 71 37 erreichbar.&nbsp;<\/p>\n\n\n\n<p><\/p>\n","protected":false},"excerpt":{"rendered":"<p>Betreute Unterst\u00fctzung und eigenverantwortliches Arbeiten Die Nachmittagsbetreuung beginnt an Schultagen nach Unterrichtsschluss und ist bis 16:35 Uhr m\u00f6glich. Wir unterst\u00fctzen und f\u00f6rdern Ihr Kind mit folgenden Angeboten: Lernzeit Freizeit Kosten pro Monat 1 Wochentag:&nbsp;&nbsp;&nbsp;EUR 26,40&nbsp; 2 Wochentage:&nbsp;EUR 35,20 3 Wochentage:&nbsp;EUR 52,80 4 Wochentage:&nbsp;EUR 70,40 5 Wochentage:&nbsp;EUR 88,00 Es besteht die M\u00f6glichkeit, um Erm\u00e4\u00dfigung des Betreuungsbeitrages [&hellip;]<\/p>\n","protected":false},"author":5,"featured_media":0,"parent":0,"menu_order":0,"comment_status":"closed","ping_status":"closed","template":"","meta":{"footnotes":""},"class_list":["post-424","page","type-page","status-publish","hentry"],"_links":{"self":[{"href":"https:\/\/www.piaristengymnasium.at\/wordpress\/wp-json\/wp\/v2\/pages\/424","targetHints":{"allow":["GET"]}}],"collection":[{"href":"https:\/\/www.piaristengymnasium.at\/wordpress\/wp-json\/wp\/v2\/pages"}],"about":[{"href":"https:\/\/www.piaristengymnasium.at\/wordpress\/wp-json\/wp\/v2\/types\/page"}],"author":[{"embeddable":true,"href":"https:\/\/www.piaristengymnasium.at\/wordpress\/wp-json\/wp\/v2\/users\/5"}],"replies":[{"embeddable":true,"href":"https:\/\/www.piaristengymnasium.at\/wordpress\/wp-json\/wp\/v2\/comments?post=424"}],"version-history":[{"count":11,"href":"https:\/\/www.piaristengymnasium.at\/wordpress\/wp-json\/wp\/v2\/pages\/424\/revisions"}],"predecessor-version":[{"id":3619,"href":"https:\/\/www.piaristengymnasium.at\/wordpress\/wp-json\/wp\/v2\/pages\/424\/revisions\/3619"}],"wp:attachment":[{"href":"https:\/\/www.piaristengymnasium.at\/wordpress\/wp-json\/wp\/v2\/media?parent=424"}],"curies":[{"name":"wp","href":"https:\/\/api.w.org\/{rel}","templated":true}]}}