{"id":3785,"date":"2026-02-23T07:53:14","date_gmt":"2026-02-23T06:53:14","guid":{"rendered":"https:\/\/www.piaristengymnasium.at\/wordpress\/?page_id=3785"},"modified":"2026-04-29T20:05:54","modified_gmt":"2026-04-29T18:05:54","slug":"projekt-el-universo-juvenil","status":"publish","type":"page","link":"https:\/\/www.piaristengymnasium.at\/wordpress\/projekt-el-universo-juvenil","title":{"rendered":"Projekt \u201eEl universo juvenil\u201c"},"content":{"rendered":"<p style=\"font-weight: 400;\">Wir freuen uns, dass wir nach unserem ersten Projekt \u201eEncuentro espa\u00f1ol\u201c mit J\u00e4nner 2026 in unser zweites Projekt <strong>\u201eEl universo juvenil\u201c<\/strong> starten. Schwerpunkt hierbei liegt hier wiederum auf der spanischen Sprache und Kultur. Dem Erlernen der Fremdsprache kommt hierbei naturgem\u00e4\u00df eine gro\u00dfe Bedeutung zu, aber auch die Entwicklung von sogenannten \u201e21st century skills\u201c und die Verbesserung der digitalen Fertigkeiten sollen gef\u00f6rdert werden. Um die gesetzten<strong> Ziele<\/strong> zu erreichen, werden sowohl Lernende wie auch Lehrende des Piaristengymnasiums Aufenthalte an Schulen im spanischen Ausland durchf\u00fchren.<\/p>\n<p style=\"font-weight: 400;\">Geplant sind folgende Aktivit\u00e4ten:<\/p>\n<ul style=\"font-weight: 400;\">\n<li>Austausch und gemeinsame Aktivit\u00e4ten im laufenden Unterricht<\/li>\n<li>e-Twinning Projekte im laufenden Unterricht<\/li>\n<li>Job Shadowing f\u00fcr Lehrkr\u00e4fte<\/li>\n<li>Sch\u00fcler- und Sch\u00fclerinnen-Austausch (Gruppe, 6. Klassen)<\/li>\n<li>Einzelmobilit\u00e4ten von 5 Lernenden von drei oder vier Wochen<\/li>\n<\/ul>\n<p>Von der Europ\u00e4ischen Union finanziert. Die ge\u00e4u\u00dferten Ansichten und Meinungen entsprechen jedoch ausschlie\u00dflich denen der Autorin oder des Autors bzw. der Autorinnen oder Autoren und spiegeln nicht zwingend die der Europ\u00e4ischen Union oder der OeAD-GmbH wider. Weder die Europ\u00e4ische Union noch die OeAD-GmbH k\u00f6nnen daf\u00fcr verantwortlich gemacht werden.<\/p>\n","protected":false},"excerpt":{"rendered":"<p>Wir freuen uns, dass wir nach unserem ersten Projekt \u201eEncuentro espa\u00f1ol\u201c mit J\u00e4nner 2026 in unser zweites Projekt \u201eEl universo juvenil\u201c starten. Schwerpunkt hierbei liegt hier wiederum auf der spanischen Sprache und Kultur. Dem Erlernen der Fremdsprache kommt hierbei naturgem\u00e4\u00df eine gro\u00dfe Bedeutung zu, aber auch die Entwicklung von sogenannten \u201e21st century skills\u201c und die [&hellip;]<\/p>\n","protected":false},"author":5,"featured_media":0,"parent":0,"menu_order":0,"comment_status":"closed","ping_status":"closed","template":"","meta":{"footnotes":""},"class_list":["post-3785","page","type-page","status-publish","hentry"],"_links":{"self":[{"href":"https:\/\/www.piaristengymnasium.at\/wordpress\/wp-json\/wp\/v2\/pages\/3785","targetHints":{"allow":["GET"]}}],"collection":[{"href":"https:\/\/www.piaristengymnasium.at\/wordpress\/wp-json\/wp\/v2\/pages"}],"about":[{"href":"https:\/\/www.piaristengymnasium.at\/wordpress\/wp-json\/wp\/v2\/types\/page"}],"author":[{"embeddable":true,"href":"https:\/\/www.piaristengymnasium.at\/wordpress\/wp-json\/wp\/v2\/users\/5"}],"replies":[{"embeddable":true,"href":"https:\/\/www.piaristengymnasium.at\/wordpress\/wp-json\/wp\/v2\/comments?post=3785"}],"version-history":[{"count":5,"href":"https:\/\/www.piaristengymnasium.at\/wordpress\/wp-json\/wp\/v2\/pages\/3785\/revisions"}],"predecessor-version":[{"id":3891,"href":"https:\/\/www.piaristengymnasium.at\/wordpress\/wp-json\/wp\/v2\/pages\/3785\/revisions\/3891"}],"wp:attachment":[{"href":"https:\/\/www.piaristengymnasium.at\/wordpress\/wp-json\/wp\/v2\/media?parent=3785"}],"curies":[{"name":"wp","href":"https:\/\/api.w.org\/{rel}","templated":true}]}}