{"id":1421,"date":"2023-04-26T09:51:35","date_gmt":"2023-04-26T07:51:35","guid":{"rendered":"https:\/\/www.piaristengymnasium.at\/wordpress\/?page_id=1421"},"modified":"2024-09-27T13:09:53","modified_gmt":"2024-09-27T11:09:53","slug":"schulveranstaltungen","status":"publish","type":"page","link":"https:\/\/www.piaristengymnasium.at\/wordpress\/schulveranstaltungen","title":{"rendered":"Schulveranstaltungen"},"content":{"rendered":"\n<p>1. Klasse: Kennenlerntage<\/p>\n\n\n\n<p>2. Klasse: Projekttage ODER Wintersportwoche<\/p>\n\n\n\n<p>3. Klasse: Wintersportwoche<\/p>\n\n\n\n<p>4. Klasse: Wintersportwoche<\/p>\n\n\n\n<p>5. Klasse: Sommersportwoche<\/p>\n\n\n\n<p>6. Klasse: Sprachwoche<\/p>\n\n\n\n<p>7.\/8. Klasse: Sprachwoche ODER NAWI\/DG-Woche ODER Romreise<\/p>\n\n\n\n<p><strong>Weitere Angebote:<\/strong><\/p>\n\n\n\n<p>Theater- und Konzertfahrten f\u00fcr unterschiedliche Altersgruppen<\/p>\n\n\n\n<p>Ausstellungen und Vernissagen von und mit Sch\u00fclerinnen und Sch\u00fclerin in der hauseigenen Galerie<\/p>\n\n\n\n<p>musikalische Umrahmung von Feierlichkeiten, Schulmessen, \u2026<\/p>\n","protected":false},"excerpt":{"rendered":"<p>1. Klasse: Kennenlerntage 2. Klasse: Projekttage ODER Wintersportwoche 3. Klasse: Wintersportwoche 4. Klasse: Wintersportwoche 5. Klasse: Sommersportwoche 6. Klasse: Sprachwoche 7.\/8. Klasse: Sprachwoche ODER NAWI\/DG-Woche ODER Romreise Weitere Angebote: Theater- und Konzertfahrten f\u00fcr unterschiedliche Altersgruppen Ausstellungen und Vernissagen von und mit Sch\u00fclerinnen und Sch\u00fclerin in der hauseigenen Galerie musikalische Umrahmung von Feierlichkeiten, Schulmessen, \u2026<\/p>\n","protected":false},"author":5,"featured_media":0,"parent":0,"menu_order":0,"comment_status":"closed","ping_status":"closed","template":"","meta":{"footnotes":""},"class_list":["post-1421","page","type-page","status-publish","hentry"],"_links":{"self":[{"href":"https:\/\/www.piaristengymnasium.at\/wordpress\/wp-json\/wp\/v2\/pages\/1421","targetHints":{"allow":["GET"]}}],"collection":[{"href":"https:\/\/www.piaristengymnasium.at\/wordpress\/wp-json\/wp\/v2\/pages"}],"about":[{"href":"https:\/\/www.piaristengymnasium.at\/wordpress\/wp-json\/wp\/v2\/types\/page"}],"author":[{"embeddable":true,"href":"https:\/\/www.piaristengymnasium.at\/wordpress\/wp-json\/wp\/v2\/users\/5"}],"replies":[{"embeddable":true,"href":"https:\/\/www.piaristengymnasium.at\/wordpress\/wp-json\/wp\/v2\/comments?post=1421"}],"version-history":[{"count":6,"href":"https:\/\/www.piaristengymnasium.at\/wordpress\/wp-json\/wp\/v2\/pages\/1421\/revisions"}],"predecessor-version":[{"id":2869,"href":"https:\/\/www.piaristengymnasium.at\/wordpress\/wp-json\/wp\/v2\/pages\/1421\/revisions\/2869"}],"wp:attachment":[{"href":"https:\/\/www.piaristengymnasium.at\/wordpress\/wp-json\/wp\/v2\/media?parent=1421"}],"curies":[{"name":"wp","href":"https:\/\/api.w.org\/{rel}","templated":true}]}}