{"id":1049,"date":"2023-03-29T07:43:27","date_gmt":"2023-03-29T05:43:27","guid":{"rendered":"http:\/\/webby.piakrems.ac.at\/wordpress\/?page_id=1049"},"modified":"2025-09-10T13:22:59","modified_gmt":"2025-09-10T11:22:59","slug":"bibliothek-informationen","status":"publish","type":"page","link":"https:\/\/www.piaristengymnasium.at\/wordpress\/einfache-seite\/bibliothek\/bibliothek-informationen","title":{"rendered":"Informationen"},"content":{"rendered":"\n<h2 class=\"wp-block-heading\"><strong>Herzlich willkommen in unserer Schulbibliothek!<\/strong><\/h2>\n\n\n\n<p><strong>Die Bibliothek \u2013 ein Ort des Lesens und Lernens mit Wohlf\u00fchlatmosph\u00e4re<\/strong><\/p>\n\n\n\n<figure class=\"wp-block-gallery alignleft has-nested-images columns-default is-cropped wp-block-gallery-1 is-layout-flex wp-block-gallery-is-layout-flex\">\n<figure class=\"wp-block-image size-large\"><img loading=\"lazy\" decoding=\"async\" width=\"1024\" height=\"768\" data-id=\"1332\" src=\"https:\/\/www.piaristengymnasium.at\/wordpress\/wp-content\/uploads\/2023\/04\/IMG_1875-Kopie-1024x768.jpg\" alt=\"\" class=\"wp-image-1332\" srcset=\"https:\/\/www.piaristengymnasium.at\/wordpress\/wp-content\/uploads\/2023\/04\/IMG_1875-Kopie-1024x768.jpg 1024w, https:\/\/www.piaristengymnasium.at\/wordpress\/wp-content\/uploads\/2023\/04\/IMG_1875-Kopie-300x225.jpg 300w, https:\/\/www.piaristengymnasium.at\/wordpress\/wp-content\/uploads\/2023\/04\/IMG_1875-Kopie-768x576.jpg 768w, https:\/\/www.piaristengymnasium.at\/wordpress\/wp-content\/uploads\/2023\/04\/IMG_1875-Kopie-1536x1152.jpg 1536w, https:\/\/www.piaristengymnasium.at\/wordpress\/wp-content\/uploads\/2023\/04\/IMG_1875-Kopie-2048x1536.jpg 2048w\" sizes=\"auto, (max-width: 1024px) 100vw, 1024px\" \/><\/figure>\n<\/figure>\n\n\n\n<p>Unsere Bibliothek steht allen Sch\u00fclerinnen und Sch\u00fclern sowie den Lehrerinnen und Lehrern des BG\/BRG Piaristengasse und des Mary Ward Privat-ORG als ruhiger Lern- und Arbeitsbereich, aber auch als R\u00fcckzugsort zur Verf\u00fcgung.<br>Wir bieten an die 20.000 Medien und Zeitschriften an und haben ungef\u00e4hr 21 Stunden ge\u00f6ffnet. Es stehen 15 Computerarbeitspl\u00e4tze mit Internetzugang zur Verf\u00fcgung. Weiters gibt es gem\u00fctliche Sitzstufen, die zum Schm\u00f6kern und Entspannen einladen. Auch ein Beamer ist vorhanden, sodass man im Bedarfsfall den Klassenraum verlassen und in der Bibliothek Filme schauen kann. Schauk\u00e4sten gleich beim Eingang informieren \u00fcber aktuelle Neuerscheinungen.<br>Unsere Bibliothek mit Wintergartencharakter im besonderen Geb\u00e4ude des Piaristengymnasiums wird als Ort zum Lesen, selbstst\u00e4ndigen Arbeiten, Recherchieren und f\u00fcr vieles mehr genutzt. In Vor-Pandemiezeiten wurden hier auch Buchausstellungen und Lesungen im kleinen Rahmen organisiert. Die Bibliothek ist somit auch ein sozialer Treffpunkt zum gegenseitigen Austausch<br>Wir Bibliothekarinnen bitten alle Benutzerinnen und Benutzer, sich an die&nbsp;<a href=\"https:\/\/www.piaristengymnasium.at\/wordpress\/einfache-seite\/bibliothek\/bibliotheksordnung\" data-type=\"page\" data-id=\"704\"><strong>Bibliotheksordnung<\/strong>&nbsp;<\/a>zu halten.<\/p>\n\n\n\n<p><a href=\"https:\/\/www.piaristengymnasium.at\/wordpress\/einfache-seite\/bibliothek\/aktuelles\" data-type=\"page\" data-id=\"702\">Aktuelles<\/a>&nbsp;aus der Bibliothek ist hier zu finden.<\/p>\n\n\n\n<p>Hier gehts zur&nbsp;<strong><a href=\"http:\/\/www.biblioweb.at\/piakrems\/\">Online-Recherch<\/a><a href=\"https:\/\/www7.biblioweb.at\/login.htm\">e<\/a><\/strong>. (<a href=\"https:\/\/www.piaristengymnasium.at\/wordpress\/einfache-seite\/bibliothek\/biblioweb-recherche-2\" data-type=\"page\" data-id=\"1006\">Anleitung f\u00fcr die Recherche im Biblioweb<\/a>)<\/p>\n\n\n\n<figure class=\"wp-block-image size-full\"><img loading=\"lazy\" decoding=\"async\" width=\"842\" height=\"595\" src=\"https:\/\/www.piaristengymnasium.at\/wordpress\/wp-content\/uploads\/2025\/09\/Bib_Oeffnungszeiten_25_26_V1-Kopie-1.jpg\" alt=\"\" class=\"wp-image-3435\" srcset=\"https:\/\/www.piaristengymnasium.at\/wordpress\/wp-content\/uploads\/2025\/09\/Bib_Oeffnungszeiten_25_26_V1-Kopie-1.jpg 842w, https:\/\/www.piaristengymnasium.at\/wordpress\/wp-content\/uploads\/2025\/09\/Bib_Oeffnungszeiten_25_26_V1-Kopie-1-300x212.jpg 300w, https:\/\/www.piaristengymnasium.at\/wordpress\/wp-content\/uploads\/2025\/09\/Bib_Oeffnungszeiten_25_26_V1-Kopie-1-768x543.jpg 768w\" sizes=\"auto, (max-width: 842px) 100vw, 842px\" \/><\/figure>\n\n\n<div class=\"wp-block-image\">\n<figure class=\"alignright size-large is-resized\"><img loading=\"lazy\" decoding=\"async\" width=\"977\" height=\"1024\" src=\"https:\/\/www.piaristengymnasium.at\/wordpress\/wp-content\/uploads\/2023\/04\/Bildschirmfoto-2023-04-21-um-12.29.28-1-977x1024.png\" alt=\"\" class=\"wp-image-1392\" style=\"width:334px;height:350px\" srcset=\"https:\/\/www.piaristengymnasium.at\/wordpress\/wp-content\/uploads\/2023\/04\/Bildschirmfoto-2023-04-21-um-12.29.28-1-977x1024.png 977w, https:\/\/www.piaristengymnasium.at\/wordpress\/wp-content\/uploads\/2023\/04\/Bildschirmfoto-2023-04-21-um-12.29.28-1-286x300.png 286w, https:\/\/www.piaristengymnasium.at\/wordpress\/wp-content\/uploads\/2023\/04\/Bildschirmfoto-2023-04-21-um-12.29.28-1-768x805.png 768w, https:\/\/www.piaristengymnasium.at\/wordpress\/wp-content\/uploads\/2023\/04\/Bildschirmfoto-2023-04-21-um-12.29.28-1.png 1338w\" sizes=\"auto, (max-width: 977px) 100vw, 977px\" \/><\/figure>\n<\/div>\n\n\n<p><strong>Kontakt<\/strong><\/p>\n\n\n\n<p><strong>Adresse:&nbsp;<\/strong>Bibliothek BG\/BRG Krems, Piaristengasse 2, 3500 Krems<\/p>\n\n\n\n<p><strong>Telefon:&nbsp;<\/strong>+43 (0)2732\/83300<\/p>\n\n\n\n<p><strong>E-Mail:<\/strong>&nbsp;<a href=\"mailto:bibliothek@piaristengymnasium.at\" target=\"_blank\" rel=\"noreferrer noopener\">bibliothek(at)piaristengymnasium.at<\/a><\/p>\n","protected":false},"excerpt":{"rendered":"<p>Herzlich willkommen in unserer Schulbibliothek! Die Bibliothek \u2013 ein Ort des Lesens und Lernens mit Wohlf\u00fchlatmosph\u00e4re Unsere Bibliothek steht allen Sch\u00fclerinnen und Sch\u00fclern sowie den Lehrerinnen und Lehrern des BG\/BRG Piaristengasse und des Mary Ward Privat-ORG als ruhiger Lern- und Arbeitsbereich, aber auch als R\u00fcckzugsort zur Verf\u00fcgung.Wir bieten an die 20.000 Medien und Zeitschriften an [&hellip;]<\/p>\n","protected":false},"author":6,"featured_media":0,"parent":371,"menu_order":1,"comment_status":"closed","ping_status":"closed","template":"","meta":{"footnotes":""},"class_list":["post-1049","page","type-page","status-publish","hentry"],"_links":{"self":[{"href":"https:\/\/www.piaristengymnasium.at\/wordpress\/wp-json\/wp\/v2\/pages\/1049","targetHints":{"allow":["GET"]}}],"collection":[{"href":"https:\/\/www.piaristengymnasium.at\/wordpress\/wp-json\/wp\/v2\/pages"}],"about":[{"href":"https:\/\/www.piaristengymnasium.at\/wordpress\/wp-json\/wp\/v2\/types\/page"}],"author":[{"embeddable":true,"href":"https:\/\/www.piaristengymnasium.at\/wordpress\/wp-json\/wp\/v2\/users\/6"}],"replies":[{"embeddable":true,"href":"https:\/\/www.piaristengymnasium.at\/wordpress\/wp-json\/wp\/v2\/comments?post=1049"}],"version-history":[{"count":25,"href":"https:\/\/www.piaristengymnasium.at\/wordpress\/wp-json\/wp\/v2\/pages\/1049\/revisions"}],"predecessor-version":[{"id":3436,"href":"https:\/\/www.piaristengymnasium.at\/wordpress\/wp-json\/wp\/v2\/pages\/1049\/revisions\/3436"}],"up":[{"embeddable":true,"href":"https:\/\/www.piaristengymnasium.at\/wordpress\/wp-json\/wp\/v2\/pages\/371"}],"wp:attachment":[{"href":"https:\/\/www.piaristengymnasium.at\/wordpress\/wp-json\/wp\/v2\/media?parent=1049"}],"curies":[{"name":"wp","href":"https:\/\/api.w.org\/{rel}","templated":true}]}}